{"id":1809,"date":"2015-11-28T13:56:03","date_gmt":"2015-11-28T13:56:03","guid":{"rendered":"http:\/\/localhost\/invento\/?page_id=1809"},"modified":"2025-02-02T09:32:28","modified_gmt":"2025-02-02T09:32:28","slug":"contact","status":"publish","type":"page","link":"https:\/\/salsabil-arabia.com\/ar\/contact\/","title":{"rendered":"\u0627\u062a\u0635\u0644 \u0628\u0646\u0627"},"content":{"rendered":"<div class=\"row wpb_row row-fluid vc_custom_1448722152285\">\r\n\r\n\r\n<script type=\"text\/javascript\">\r\njQuery(document).ready(function() {\r\nfunction initialize() {\r\n    var latlng = new google.maps.LatLng(21.602659,39.143920);\r\n    var myOptions = {\r\n        zoom: 18,\r\n        center: latlng,\r\n        scrollwheel: false,\r\n        mapTypeId: google.maps.MapTypeId.ROADMAP\r\n    };\r\n\r\n    var map = new google.maps.Map(document.getElementById(\"map\"),\r\n            myOptions);\r\n\r\n  var marker = new google.maps.Marker({\r\n    position: {lat: 21.602659, lng: 39.143920},\r\n    map: map\r\n  });\r\n}\r\ngoogle.maps.event.addDomListener(window, \"load\", initialize);\r\n});\r\n<\/script>\r\n\r\n<div class=\"wpb_column col-md-12\"><div class=\"vc_column-inner\"><div class=\"wpb_wrapper\"><div class=\"contact-map full-width\">\r\n                <div id=\"map\" class=\"google-map\" style=\"height:540px;\"><\/div>\r\n            <\/div><\/div><\/div><\/div><\/div><div class=\"row wpb_row row-fluid vc_custom_1448725974754\"><div class=\"wpb_column col-md-12\"><div class=\"vc_column-inner vc_custom_1448726195700\"><div class=\"wpb_wrapper\"><div class=\"section-title opacity\"><h3>LET&#8217;S GET IN TOUCH<\/h3><h4>some information about us<\/h4><\/div><\/div><\/div><\/div><div class=\"wpb_column col-md-6\"><div class=\"vc_column-inner vc_custom_1448741173023\"><div class=\"wpb_wrapper\">\n\t<div class=\"wpb_text_column wpb_content_element\" >\n\t\t<div class=\"wpb_wrapper\">\n\t\t\t<p class=\"contact-info\">Feel free to be in reach us via this contact form and our customer care representatives will get back to you with the closest convenience.<\/p>\n<p lang=\"hr\">Mnogi mu\u0161karci suo\u010davaju se s izazovima kada je rije\u010d o intimnim vezama, \u0161to mo\u017ee zna\u010dajno utjecati na njihovo samopouzdanje i smisao za blagostanje. U tom kontekstu, pronala\u017eenje resursa i informacija mo\u017ee biti klju\u010dno za razumijevanje i prevladavanje ovakvih problema, a <a href=\"https:\/\/ed-hrvatski.com\/\">najbolja web stranica<\/a> pru\u017ea podr\u0161ku i savjete. Uz pravilan pristup i razumijevanje, mogu\u0107e je raditi na pobolj\u0161anju seksualnog zdravlja i odnosa.<\/p>\n<h4>Contact details<\/h4>\n<div class=\"textwidget contact-info\">\n<p><i class=\"icon-location-2\"><\/i>\u00a0 \u00a0 \u00a0 Head Office,Office #1011 Zaharan Businees Center &#8211; Princ Sultan Road , Jeddah ,KSA<\/p>\n<p><i class=\"icon-phone-2\"><\/i>\u00a0 \u00a0 \u00a0 Call: +966 12 252 5418<\/p>\n<p><i class=\"icon-mail-5\"><\/i>\u00a0 \u00a0 \u00a0 E-mail: <a href=\"mailto:info@salsabil-arabia.com\">info@salsabil-arabia.com<\/a><\/p>\n<\/div>\n\n\t\t<\/div>\n\t<\/div>\n<\/div><\/div><\/div><div class=\"wpb_column col-md-6\"><div class=\"vc_column-inner\"><div class=\"wpb_wrapper\">\n<div class=\"wpcf7 no-js\" id=\"wpcf7-f2336-o1\" lang=\"en-US\" dir=\"ltr\">\n<div class=\"screen-reader-response\"><p role=\"status\" aria-live=\"polite\" aria-atomic=\"true\"><\/p> <ul><\/ul><\/div>\n<form action=\"\/ar\/wp-json\/wp\/v2\/pages\/1809#wpcf7-f2336-o1\" method=\"post\" class=\"wpcf7-form init\" aria-label=\"Contact form\" novalidate=\"novalidate\" data-status=\"init\" data-trp-original-action=\"\/ar\/wp-json\/wp\/v2\/pages\/1809#wpcf7-f2336-o1\">\n<div style=\"display: none;\">\n<input type=\"hidden\" name=\"_wpcf7\" value=\"2336\" \/>\n<input type=\"hidden\" name=\"_wpcf7_version\" value=\"5.9.8\" \/>\n<input type=\"hidden\" name=\"_wpcf7_locale\" value=\"en_US\" \/>\n<input type=\"hidden\" name=\"_wpcf7_unit_tag\" value=\"wpcf7-f2336-o1\" \/>\n<input type=\"hidden\" name=\"_wpcf7_container_post\" value=\"0\" \/>\n<input type=\"hidden\" name=\"_wpcf7_posted_data_hash\" value=\"\" \/>\n<\/div>\n<p><label> Your Name (required)<br \/>\n<span class=\"wpcf7-form-control-wrap\" data-name=\"your-name\"><input size=\"40\" maxlength=\"400\" class=\"wpcf7-form-control wpcf7-text wpcf7-validates-as-required\" aria-required=\"true\" aria-invalid=\"false\" value=\"\" type=\"text\" name=\"your-name\" \/><\/span> <\/label>\n<\/p>\n<p><label> Your Email (required)<br \/>\n<span class=\"wpcf7-form-control-wrap\" data-name=\"your-email\"><input size=\"40\" maxlength=\"400\" class=\"wpcf7-form-control wpcf7-email wpcf7-validates-as-required wpcf7-text wpcf7-validates-as-email\" aria-required=\"true\" aria-invalid=\"false\" value=\"\" type=\"email\" name=\"your-email\" \/><\/span> <\/label>\n<\/p>\n<p><label> Subject<br \/>\n<span class=\"wpcf7-form-control-wrap\" data-name=\"your-subject\"><input size=\"40\" maxlength=\"400\" class=\"wpcf7-form-control wpcf7-text\" aria-invalid=\"false\" value=\"\" type=\"text\" name=\"your-subject\" \/><\/span> <\/label>\n<\/p>\n<p><label> Your Message<br \/>\n<span class=\"wpcf7-form-control-wrap\" data-name=\"your-message\"><textarea cols=\"40\" rows=\"10\" maxlength=\"2000\" class=\"wpcf7-form-control wpcf7-textarea\" aria-invalid=\"false\" name=\"your-message\"><\/textarea><\/span> <\/label>\n<\/p>\n<p><input class=\"wpcf7-form-control wpcf7-submit has-spinner\" type=\"submit\" value=\"Send\" \/>\n<\/p><div class=\"wpcf7-response-output\" aria-hidden=\"true\"><\/div>\n<input type=\"hidden\" name=\"trp-form-language\" value=\"ar\"\/><\/form>\n<\/div>\n<\/div><\/div><\/div><\/div>","protected":false},"excerpt":{"rendered":"jQuery(document).ready(function() { function initialize() { var latlng = new google.maps.LatLng(21.602659,39.143920); var myOptions = { zoom: 18, center: latlng, scrollwheel: false, mapTypeId: google.maps.MapTypeId.ROADMAP }; var map = new google.maps.Map(document.getElementById(\"map\"), myOptions); var marker = new google.maps.Marker({ position: {lat: 21.602659, lng: 39.143920}, map: map }); } google.maps.event.addDomListener(window, \"load\", initialize); }); LET'S GET IN TOUCHsome information about us Feel<div class=\"bottom-meta\">\r\n  <a href=\"https:\/\/salsabil-arabia.com\/ar\/contact\/\"><span class=\"text-more\">Read More<\/span><\/a><a href=\"#\" class=\"jm-post-like entry-like\" data-post_id=\"1809\" title=\"Like\"><i class=\"fa fa-heart-o icon-unlike\"><\/i><\/a><\/div>","protected":false},"author":1,"featured_media":0,"parent":0,"menu_order":0,"comment_status":"closed","ping_status":"closed","template":"","meta":{"cybocfi_hide_featured_image":"","footnotes":""},"class_list":["post-1809","page","type-page","status-publish","hentry","entry opacity"],"_links":{"self":[{"href":"https:\/\/salsabil-arabia.com\/ar\/wp-json\/wp\/v2\/pages\/1809"}],"collection":[{"href":"https:\/\/salsabil-arabia.com\/ar\/wp-json\/wp\/v2\/pages"}],"about":[{"href":"https:\/\/salsabil-arabia.com\/ar\/wp-json\/wp\/v2\/types\/page"}],"author":[{"embeddable":true,"href":"https:\/\/salsabil-arabia.com\/ar\/wp-json\/wp\/v2\/users\/1"}],"replies":[{"embeddable":true,"href":"https:\/\/salsabil-arabia.com\/ar\/wp-json\/wp\/v2\/comments?post=1809"}],"version-history":[{"count":2,"href":"https:\/\/salsabil-arabia.com\/ar\/wp-json\/wp\/v2\/pages\/1809\/revisions"}],"predecessor-version":[{"id":11253,"href":"https:\/\/salsabil-arabia.com\/ar\/wp-json\/wp\/v2\/pages\/1809\/revisions\/11253"}],"wp:attachment":[{"href":"https:\/\/salsabil-arabia.com\/ar\/wp-json\/wp\/v2\/media?parent=1809"}],"curies":[{"name":"wp","href":"https:\/\/api.w.org\/{rel}","templated":true}]}}