{"id":1606,"date":"2015-11-25T23:08:05","date_gmt":"2015-11-25T23:08:05","guid":{"rendered":"http:\/\/localhost\/invento\/?page_id=1606"},"modified":"2015-11-25T23:08:05","modified_gmt":"2015-11-25T23:08:05","slug":"faq","status":"publish","type":"page","link":"https:\/\/salsabil-arabia.com\/ar\/faq\/","title":{"rendered":"FAQ"},"content":{"rendered":"<div class=\"row wpb_row row-fluid vc_custom_1448622077775\"><div class=\"wpb_column col-md-8\"><div class=\"vc_column-inner vc_custom_1448500225450\"><div class=\"wpb_wrapper\"><div class=\"vc_tta-container\" data-vc-action=\"collapse\"><h2>FAQ<\/h2><div class=\"vc_general vc_tta vc_tta-accordion vc_tta-color-grey vc_tta-style-classic vc_tta-shape-square vc_tta-o-shape-group vc_tta-controls-align-left\"><div class=\"vc_tta-panels-container\"><div class=\"vc_tta-panels\"><div class=\"vc_tta-panel\" id=\"1448492839386-3c056e3d-1cb9\" data-vc-content=\".vc_tta-panel-body\"><div class=\"vc_tta-panel-heading\"><h4 class=\"vc_tta-panel-title vc_tta-controls-icon-position-right\"><a href=\"#1448492839386-3c056e3d-1cb9\" data-vc-accordion data-vc-container=\".vc_tta-container\"><span class=\"vc_tta-title-text\">SUSPENDISSE ID ENIM FELIS<\/span><i class=\"vc_tta-controls-icon vc_tta-controls-icon-plus\"><\/i><\/a><\/h4><\/div><div class=\"vc_tta-panel-body\">\n\t<div class=\"wpb_text_column wpb_content_element\" >\n\t\t<div class=\"wpb_wrapper\">\n\t\t\t<p>Suspendisse id enim felis Vestibulum ipsum primis faucibus orci luctus ultrices posuere cubilia etiam laoreet sagittis aenean sed dolor quis nulla sodales. Curabitur non sem non libero lobortis suscipit. Nam dictum, magna pretium lobortis malesuada, neque mauris porta eros, sodales vestibulum nulla turpis a lorem. Praesent risus arcu, dictum ac fringilla vel, ultrices sit amet nisi. Cum sociis natoque penatibus et magnis dis parturient montes, nascetur ridiculus mus. Integer vestibulum volutpat enim, sit amet suscipit enim volutpat non.<\/p>\n\n\t\t<\/div>\n\t<\/div>\n<\/div><\/div><div class=\"vc_tta-panel\" id=\"1448496130683-d9983cc0-d65d\" data-vc-content=\".vc_tta-panel-body\"><div class=\"vc_tta-panel-heading\"><h4 class=\"vc_tta-panel-title vc_tta-controls-icon-position-right\"><a href=\"#1448496130683-d9983cc0-d65d\" data-vc-accordion data-vc-container=\".vc_tta-container\"><span class=\"vc_tta-title-text\">AENEAN VITAE CONDIMENTUM RISUS<\/span><i class=\"vc_tta-controls-icon vc_tta-controls-icon-plus\"><\/i><\/a><\/h4><\/div><div class=\"vc_tta-panel-body\">\n\t<div class=\"wpb_text_column wpb_content_element\" >\n\t\t<div class=\"wpb_wrapper\">\n\t\t\t<p>Suspendisse id enim felis Vestibulum ipsum primis faucibus orci luctus ultrices posuere cubilia etiam laoreet sagittis aenean sed dolor quis nulla sodales. Curabitur non sem non libero lobortis suscipit. Nam dictum, magna pretium lobortis malesuada, neque mauris porta eros, sodales vestibulum nulla turpis a lorem. Praesent risus arcu, dictum ac fringilla vel, ultrices sit amet nisi. Cum sociis natoque penatibus et magnis dis parturient montes, nascetur ridiculus mus. Integer vestibulum volutpat enim, sit amet suscipit enim volutpat non.<\/p>\n\n\t\t<\/div>\n\t<\/div>\n<\/div><\/div><div class=\"vc_tta-panel\" id=\"1448497090018-37b0171e-3236\" data-vc-content=\".vc_tta-panel-body\"><div class=\"vc_tta-panel-heading\"><h4 class=\"vc_tta-panel-title vc_tta-controls-icon-position-right\"><a href=\"#1448497090018-37b0171e-3236\" data-vc-accordion data-vc-container=\".vc_tta-container\"><span class=\"vc_tta-title-text\">SUSPENDISSE IACULIS FAUCIBUS AUGUE, IMPERDIET<\/span><i class=\"vc_tta-controls-icon vc_tta-controls-icon-plus\"><\/i><\/a><\/h4><\/div><div class=\"vc_tta-panel-body\">\n\t<div class=\"wpb_text_column wpb_content_element\" >\n\t\t<div class=\"wpb_wrapper\">\n\t\t\t<p>Proin ac enim non purus dapibus tristique sed et tellus. Sed placerat ultricies lectus in ultrices. Ut velit justo, mollis eu fringilla id, condimentum eu ante. Nunc ut eros augue, et egestas mi. Quisque aliquam ipsum ut mi porta in mattis arcu eleifend. Morbi elementum, nunc a congue tristique, ipsum ante convallis purus, sed sollicitudin sapien orci sit amet leo. Nullam arcu velit. Aenean nisi lacus, tristique a rutrum quis, porta condimentum neque. Mauris vestibulum risus ut quam dictum at molestie ipsum mollis. Nullam arcu velit. Aenean nisi lacus, tristique a rutrum quis, porta condimentum neque. Mauris vestibulum risus ut quam dictum at molestie ipsum mollis. Sed placerat ultricies lectus in ultrices. Ut velit justo, mollis eu fringilla id, condimentum eu ante. Nunc ut eros augue, et egestas mi.<\/p>\n\n\t\t<\/div>\n\t<\/div>\n<\/div><\/div><div class=\"vc_tta-panel\" id=\"1448497089257-0f112905-024b\" data-vc-content=\".vc_tta-panel-body\"><div class=\"vc_tta-panel-heading\"><h4 class=\"vc_tta-panel-title vc_tta-controls-icon-position-right\"><a href=\"#1448497089257-0f112905-024b\" data-vc-accordion data-vc-container=\".vc_tta-container\"><span class=\"vc_tta-title-text\">CURABITUR METUS JUSTO, CURSUS<\/span><i class=\"vc_tta-controls-icon vc_tta-controls-icon-plus\"><\/i><\/a><\/h4><\/div><div class=\"vc_tta-panel-body\">\n\t<div class=\"wpb_text_column wpb_content_element\" >\n\t\t<div class=\"wpb_wrapper\">\n\t\t\t<p>Suspendisse id enim felis Vestibulum ipsum primis faucibus orci luctus ultrices posuere cubilia etiam laoreet sagittis aenean sed dolor quis nulla sodales. Curabitur non sem non libero lobortis suscipit. Nam dictum, magna pretium lobortis malesuada, neque mauris porta eros, sodales vestibulum nulla turpis a lorem. Praesent risus arcu, dictum ac fringilla vel, ultrices sit amet nisi. Cum sociis natoque penatibus et magnis dis parturient montes, nascetur ridiculus mus. Integer vestibulum volutpat enim, sit amet suscipit enim volutpat non.<\/p>\n\n\t\t<\/div>\n\t<\/div>\n<\/div><\/div><div class=\"vc_tta-panel\" id=\"1448497088476-277e9116-6651\" data-vc-content=\".vc_tta-panel-body\"><div class=\"vc_tta-panel-heading\"><h4 class=\"vc_tta-panel-title vc_tta-controls-icon-position-right\"><a href=\"#1448497088476-277e9116-6651\" data-vc-accordion data-vc-container=\".vc_tta-container\"><span class=\"vc_tta-title-text\">DONEC MOLLIS VESTIBULUM TEMPOR<\/span><i class=\"vc_tta-controls-icon vc_tta-controls-icon-plus\"><\/i><\/a><\/h4><\/div><div class=\"vc_tta-panel-body\">\n\t<div class=\"wpb_text_column wpb_content_element\" >\n\t\t<div class=\"wpb_wrapper\">\n\t\t\t<p>Suspendisse id enim felis Vestibulum ipsum primis faucibus orci luctus ultrices posuere cubilia etiam laoreet sagittis aenean sed dolor quis nulla sodales. Curabitur non sem non libero lobortis suscipit. Nam dictum, magna pretium lobortis malesuada, neque mauris porta eros, sodales vestibulum nulla turpis a lorem. Praesent risus arcu, dictum ac fringilla vel, ultrices sit amet nisi. Cum sociis natoque penatibus et magnis dis parturient montes, nascetur ridiculus mus. Integer vestibulum volutpat enim, sit amet suscipit enim volutpat non.<\/p>\n\n\t\t<\/div>\n\t<\/div>\n<\/div><\/div><div class=\"vc_tta-panel\" id=\"1448497087572-2dedac9e-6c86\" data-vc-content=\".vc_tta-panel-body\"><div class=\"vc_tta-panel-heading\"><h4 class=\"vc_tta-panel-title vc_tta-controls-icon-position-right\"><a href=\"#1448497087572-2dedac9e-6c86\" data-vc-accordion data-vc-container=\".vc_tta-container\"><span class=\"vc_tta-title-text\">QUISQUE FERMENTUM, METUS QUIS MOLLIS HENDRERIT, MAURIS<\/span><i class=\"vc_tta-controls-icon vc_tta-controls-icon-plus\"><\/i><\/a><\/h4><\/div><div class=\"vc_tta-panel-body\">\n\t<div class=\"wpb_text_column wpb_content_element\" >\n\t\t<div class=\"wpb_wrapper\">\n\t\t\t<p>Suspendisse id enim felis Vestibulum ipsum primis faucibus orci luctus ultrices posuere cubilia etiam laoreet sagittis aenean sed dolor quis nulla sodales. Curabitur non sem non libero lobortis suscipit. Nam dictum, magna pretium lobortis malesuada, neque mauris porta eros, sodales vestibulum nulla turpis a lorem. Praesent risus arcu, dictum ac fringilla vel, ultrices sit amet nisi. Cum sociis natoque penatibus et magnis dis parturient montes, nascetur ridiculus mus. Integer vestibulum volutpat enim, sit amet suscipit enim volutpat non.<\/p>\n\n\t\t<\/div>\n\t<\/div>\n<\/div><\/div><div class=\"vc_tta-panel\" id=\"1448497086107-cf7eab0c-003d\" data-vc-content=\".vc_tta-panel-body\"><div class=\"vc_tta-panel-heading\"><h4 class=\"vc_tta-panel-title vc_tta-controls-icon-position-right\"><a href=\"#1448497086107-cf7eab0c-003d\" data-vc-accordion data-vc-container=\".vc_tta-container\"><span class=\"vc_tta-title-text\">CURABITUR METUS JUSTO, CURSUS<\/span><i class=\"vc_tta-controls-icon vc_tta-controls-icon-plus\"><\/i><\/a><\/h4><\/div><div class=\"vc_tta-panel-body\">\n\t<div class=\"wpb_text_column wpb_content_element\" >\n\t\t<div class=\"wpb_wrapper\">\n\t\t\t<p>Suspendisse id enim felis Vestibulum ipsum primis faucibus orci luctus ultrices posuere cubilia etiam laoreet sagittis aenean sed dolor quis nulla sodales. Curabitur non sem non libero lobortis suscipit. Nam dictum, magna pretium lobortis malesuada, neque mauris porta eros, sodales vestibulum nulla turpis a lorem. Praesent risus arcu, dictum ac fringilla vel, ultrices sit amet nisi. Cum sociis natoque penatibus et magnis dis parturient montes, nascetur ridiculus mus. Integer vestibulum volutpat enim, sit amet suscipit enim volutpat non.<\/p>\n\n\t\t<\/div>\n\t<\/div>\n<\/div><\/div><div class=\"vc_tta-panel\" id=\"1448497159607-2229e543-de2f\" data-vc-content=\".vc_tta-panel-body\"><div class=\"vc_tta-panel-heading\"><h4 class=\"vc_tta-panel-title vc_tta-controls-icon-position-right\"><a href=\"#1448497159607-2229e543-de2f\" data-vc-accordion data-vc-container=\".vc_tta-container\"><span class=\"vc_tta-title-text\">TORTOR VOLUTPAT LOREM, A ACCUMSAN PURUS NUNC SIT AMET LEO<\/span><i class=\"vc_tta-controls-icon vc_tta-controls-icon-plus\"><\/i><\/a><\/h4><\/div><div class=\"vc_tta-panel-body\">\n\t<div class=\"wpb_text_column wpb_content_element\" >\n\t\t<div class=\"wpb_wrapper\">\n\t\t\t<p>Suspendisse id enim felis Vestibulum ipsum primis faucibus orci luctus ultrices posuere cubilia etiam laoreet sagittis aenean sed dolor quis nulla sodales. Curabitur non sem non libero lobortis suscipit. Nam dictum, magna pretium lobortis malesuada, neque mauris porta eros, sodales vestibulum nulla turpis a lorem. Praesent risus arcu, dictum ac fringilla vel, ultrices sit amet nisi. Cum sociis natoque penatibus et magnis dis parturient montes, nascetur ridiculus mus. Integer vestibulum volutpat enim, sit amet suscipit enim volutpat non.<\/p>\n\n\t\t<\/div>\n\t<\/div>\n<\/div><\/div><div class=\"vc_tta-panel\" id=\"1448497158836-f9cd7371-c547\" data-vc-content=\".vc_tta-panel-body\"><div class=\"vc_tta-panel-heading\"><h4 class=\"vc_tta-panel-title vc_tta-controls-icon-position-right\"><a href=\"#1448497158836-f9cd7371-c547\" data-vc-accordion data-vc-container=\".vc_tta-container\"><span class=\"vc_tta-title-text\">MAURIS BIBENDUM LOREM NON DUI VIVERRA HENDRERIT LOREM SOLLICITUDIN<\/span><i class=\"vc_tta-controls-icon vc_tta-controls-icon-plus\"><\/i><\/a><\/h4><\/div><div class=\"vc_tta-panel-body\">\n\t<div class=\"wpb_text_column wpb_content_element\" >\n\t\t<div class=\"wpb_wrapper\">\n\t\t\t<p>Suspendisse id enim felis Vestibulum ipsum primis faucibus orci luctus ultrices posuere cubilia etiam laoreet sagittis aenean sed dolor quis nulla sodales. Curabitur non sem non libero lobortis suscipit. Nam dictum, magna pretium lobortis malesuada, neque mauris porta eros, sodales vestibulum nulla turpis a lorem. Praesent risus arcu, dictum ac fringilla vel, ultrices sit amet nisi. Cum sociis natoque penatibus et magnis dis parturient montes, nascetur ridiculus mus. Integer vestibulum volutpat enim, sit amet suscipit enim volutpat non.<\/p>\n\n\t\t<\/div>\n\t<\/div>\n<\/div><\/div><div class=\"vc_tta-panel\" id=\"1448497158002-09161f63-910a\" data-vc-content=\".vc_tta-panel-body\"><div class=\"vc_tta-panel-heading\"><h4 class=\"vc_tta-panel-title vc_tta-controls-icon-position-right\"><a href=\"#1448497158002-09161f63-910a\" data-vc-accordion data-vc-container=\".vc_tta-container\"><span class=\"vc_tta-title-text\">PHASELLUS ET VELIT ERAT, AC POSUERE NIBH<\/span><i class=\"vc_tta-controls-icon vc_tta-controls-icon-plus\"><\/i><\/a><\/h4><\/div><div class=\"vc_tta-panel-body\">\n\t<div class=\"wpb_text_column wpb_content_element\" >\n\t\t<div class=\"wpb_wrapper\">\n\t\t\t<p>Suspendisse id enim felis Vestibulum ipsum primis faucibus orci luctus ultrices posuere cubilia etiam laoreet sagittis aenean sed dolor quis nulla sodales. Curabitur non sem non libero lobortis suscipit. Nam dictum, magna pretium lobortis malesuada, neque mauris porta eros, sodales vestibulum nulla turpis a lorem. Praesent risus arcu, dictum ac fringilla vel, ultrices sit amet nisi. Cum sociis natoque penatibus et magnis dis parturient montes, nascetur ridiculus mus. Integer vestibulum volutpat enim, sit amet suscipit enim volutpat non.<\/p>\n\n\t\t<\/div>\n\t<\/div>\n<\/div><\/div><\/div><\/div><\/div><\/div><\/div><\/div><\/div><div class=\"wpb_column col-md-4\"><div class=\"vc_column-inner\"><div class=\"wpb_wrapper\">\r\n\t<div class=\"wpb_widgetised_column wpb_content_element\">\r\n\r\n\t\t  <aside id=\"sidebar\" class=\"opacity\">\r\n\t\t\t\r\n\t\t\t<div class=\"widget widget_categories\"><h3 class=\"widget-title\">About Invento<\/h3>\t\t\t<div class=\"textwidget\">Lorem ipsum dolor sit consectetur adipiscing elit. Pellentesque ut lacus at velit consequat sodales. Ut posuere neque in molestie gravida. Integer eu feugiat neque, elementum posuere purus. Nam vitae convallis ipsum.<\/div>\n\t\t<\/div><div class=\"widget widget_categories\"><h3 class=\"widget-title\">Popular Posts<\/h3>\t\t<ul class=\"popular_posts\">\r\n\r\n\r\n\t\t\r\n              \r\n\t\t\t\t\t\t\t<li>\r\n                              \t\t\t\t\t\t\t\t<div class=\"entry-image\">\r\n\t\t\t\t\t\t\t\t\t<a class=\"single-image\" href=\"https:\/\/salsabil-arabia.com\/ar\/post-with-vimeo\/\">\r\n\t\t\t\t\t\t\t\t\t\t <img loading=\"lazy\" decoding=\"async\" width=\"110\" height=\"61\" src=\"https:\/\/salsabil-arabia.com\/wp-content\/uploads\/2015\/11\/blog-img-41.jpg\" class=\"attachment-widget-image size-widget-image wp-post-image\" alt=\"\" srcset=\"https:\/\/salsabil-arabia.com\/wp-content\/uploads\/2015\/11\/blog-img-41.jpg 960w, https:\/\/salsabil-arabia.com\/wp-content\/uploads\/2015\/11\/blog-img-41-300x165.jpg 300w, https:\/\/salsabil-arabia.com\/wp-content\/uploads\/2015\/11\/blog-img-41-768x423.jpg 768w, https:\/\/salsabil-arabia.com\/wp-content\/uploads\/2015\/11\/blog-img-41-600x331.jpg 600w\" sizes=\"(max-width: 110px) 100vw, 110px\" \/>\t\t\t\t\t\t\t\t\t\t<span class=\"curtain\"><\/span>\r\n\t\t\t\t\t\t\t\t\t<\/a>\r\n\t\t\t\t\t\t\t\t<\/div>\r\n                             \t\t\t\t\t\t\t\t<div class=\"post-holder\">\r\n\t\t\t\t\t\t\t\t\t<h6 class=\"entry-title\"><a href=\"https:\/\/salsabil-arabia.com\/ar\/post-with-vimeo\/\">Post With Vimeo<\/a><\/h6>\r\n\t\t\t\t\t\t\t\t\t<span class=\"entry-date\">30229 Views \u0646\u0648\u0641\u0645\u0628\u0631 26, 2015<\/span>\r\n\t\t\t\t\t\t\t\t<\/div>\r\n\t\t\t\t\t\t\t<\/li>\r\n\r\n\t\t\r\n              \r\n\t\t\t\t\t\t\t<li>\r\n                              \t\t\t\t\t\t\t\t<div class=\"post-holder\">\r\n\t\t\t\t\t\t\t\t\t<h6 class=\"entry-title\"><a href=\"https:\/\/salsabil-arabia.com\/ar\/mostbet-mobil-dasturi-ilovasi-android-ios-apk-yuklash-yuklab-olish-skachat-%d0%bc%d0%be%d0%b1%d0%b8%d0%bb%d1%8c%d0%bd%d1%8b%d0%b9-%d1%81%d0%be%d1%84%d1%82-tarjima-kinolar-2023-media-olam-tarjima-kino\/\">Mostbet Mobil Dasturi Ilovasi Android Ios Apk Yuklash Yuklab Olish Skachat \u041c\u043e\u0431\u0438\u043b\u044c\u043d\u044b\u0439 \u0421\u043e\u0444\u0442 Tarjima Kinolar 2023 Media Olam, Tarjima Kinolar 2023, Uzbek Tilida Kinolar, Premyeralar 2019-2021-2022-2023, \u0424\u0438\u043b\u044c\u043c\u044b, \u0421\u0435\u0440\u0438\u0430\u043b\u044b, O&#8217;zbekcha Tarjima 2023, O&#8217;zbek Tilida, Uzbek Tilida, Tas-ix \u0424\u0438\u043b\u044c\u043c\u044b, \u0421\u0435\u0440\u0438\u0430\u043b\u044b, \u0418\u0433\u0440\u044b, \u041a\u043b\u0438\u043f\u044b, \u0421\u043e\u0444\u0442, 2021-yil, \u041c\u0443\u0437\u044b\u043a\u0430, Onlayn Tv, On-line Tv Tas-ix, Tas-ix Filmlar, \u041f\u0440\u043e\u0433\u0440\u0430\u043c\u043c\u044b, O`zbekcha Tarjima, Tas-ix, Besplatno, O`zbek Tilida, Uzbek Tilida, Tas-ix 2020, 2021, 2022<\/a><\/h6>\r\n\t\t\t\t\t\t\t\t\t<span class=\"entry-date\">3984 Views \u064a\u0648\u0644\u064a\u0648 9, 2023<\/span>\r\n\t\t\t\t\t\t\t\t<\/div>\r\n\t\t\t\t\t\t\t<\/li>\r\n\r\n\t\t\r\n              \r\n\t\t\t\t\t\t\t<li>\r\n                              \t\t\t\t\t\t\t\t<div class=\"entry-image\">\r\n\t\t\t\t\t\t\t\t\t<a class=\"single-image\" href=\"https:\/\/salsabil-arabia.com\/ar\/speed-photography\/\">\r\n\t\t\t\t\t\t\t\t\t\t <img loading=\"lazy\" decoding=\"async\" width=\"110\" height=\"61\" src=\"https:\/\/salsabil-arabia.com\/wp-content\/uploads\/2015\/11\/blog-img-31.jpg\" class=\"attachment-widget-image size-widget-image wp-post-image\" alt=\"\" srcset=\"https:\/\/salsabil-arabia.com\/wp-content\/uploads\/2015\/11\/blog-img-31.jpg 960w, https:\/\/salsabil-arabia.com\/wp-content\/uploads\/2015\/11\/blog-img-31-300x165.jpg 300w, https:\/\/salsabil-arabia.com\/wp-content\/uploads\/2015\/11\/blog-img-31-768x423.jpg 768w, https:\/\/salsabil-arabia.com\/wp-content\/uploads\/2015\/11\/blog-img-31-600x331.jpg 600w\" sizes=\"(max-width: 110px) 100vw, 110px\" \/>\t\t\t\t\t\t\t\t\t\t<span class=\"curtain\"><\/span>\r\n\t\t\t\t\t\t\t\t\t<\/a>\r\n\t\t\t\t\t\t\t\t<\/div>\r\n                             \t\t\t\t\t\t\t\t<div class=\"post-holder\">\r\n\t\t\t\t\t\t\t\t\t<h6 class=\"entry-title\"><a href=\"https:\/\/salsabil-arabia.com\/ar\/speed-photography\/\">Speed Photography<\/a><\/h6>\r\n\t\t\t\t\t\t\t\t\t<span class=\"entry-date\">2547 Views \u0646\u0648\u0641\u0645\u0628\u0631 27, 2015<\/span>\r\n\t\t\t\t\t\t\t\t<\/div>\r\n\t\t\t\t\t\t\t<\/li>\r\n\r\n\t\t\r\n\t\t<\/ul>\r\n\r\n\t\t<\/div>\n\t\t<div class=\"widget widget_categories\">\n\t\t<h3 class=\"widget-title\">\u0623\u062d\u062f\u062b \u0627\u0644\u0645\u0642\u0627\u0644\u0627\u062a<\/h3>\n\t\t<ul>\n\t\t\t\t\t\t\t\t\t\t\t<li>\n\t\t\t\t\t<a href=\"https:\/\/salsabil-arabia.com\/ar\/f168-dang-nhap-khong-vao-duoc-do-he-thong-bao-tri\/\">F168 \u0111\u0103ng nh\u1eadp kh\u00f4ng v\u00e0o \u0111\u01b0\u1ee3c do h\u1ec7 th\u1ed1ng b\u1ea3o tr\u00ec<\/a>\n\t\t\t\t\t\t\t\t\t<\/li>\n\t\t\t\t\t\t\t\t\t\t\t<li>\n\t\t\t\t\t<a href=\"https:\/\/salsabil-arabia.com\/ar\/cach-phan-bo-thoi-gian-choi-game-hop-ly-de-bao-ve-suc-khoe-cung-78win\/\">C\u00e1ch ph\u00e2n b\u1ed5 th\u1eddi gian ch\u01a1i game h\u1ee3p l\u00fd \u0111\u1ec3 b\u1ea3o v\u1ec7 s\u1ee9c kh\u1ecfe c\u00f9ng 78WIN<\/a>\n\t\t\t\t\t\t\t\t\t<\/li>\n\t\t\t\t\t\t\t\t\t\t\t<li>\n\t\t\t\t\t<a href=\"https:\/\/salsabil-arabia.com\/ar\/cach-thuc-quy-doi-diem-thuong-sang-tien-mat-an-toan-bao-mat\/\">C\u00e1ch th\u1ee9c quy \u0111\u1ed5i \u0111i\u1ec3m th\u01b0\u1edfng sang ti\u1ec1n m\u1eb7t an to\u00e0n, b\u1ea3o m\u1eadt<\/a>\n\t\t\t\t\t\t\t\t\t<\/li>\n\t\t\t\t\t\t\t\t\t\t\t<li>\n\t\t\t\t\t<a href=\"https:\/\/salsabil-arabia.com\/ar\/paypal-en-casinos-en-ecuador-guia-practica-para-jugadores-ecuatorianos\/\">PayPal en casinos en Ecuador: gu\u00eda pr\u00e1ctica para jugadores ecuatorianos<\/a>\n\t\t\t\t\t\t\t\t\t<\/li>\n\t\t\t\t\t\t\t\t\t\t\t<li>\n\t\t\t\t\t<a href=\"https:\/\/salsabil-arabia.com\/ar\/high-roller-tipps-fur-live-dealer-blackjack-risikoanalyse-und-praxis-bei-universal-slots\/\">High Roller Tipps f\u00fcr Live-Dealer Blackjack: Risikoanalyse und Praxis bei Universal Slots<\/a>\n\t\t\t\t\t\t\t\t\t<\/li>\n\t\t\t\t\t<\/ul>\n\n\t\t<\/div><div class=\"widget widget_categories\"><h3 class=\"widget-title\">\u062a\u0635\u0646\u064a\u0641\u0627\u062a<\/h3>\n\t\t\t<ul>\n\t\t\t\t\t<li class=\"cat-item cat-item-2\"><a href=\"https:\/\/salsabil-arabia.com\/ar\/category\/audio\/\">Audio<\/a>\n<\/li>\n\t<li class=\"cat-item cat-item-3\"><a href=\"https:\/\/salsabil-arabia.com\/ar\/category\/image\/\">Image<\/a>\n<\/li>\n\t<li class=\"cat-item cat-item-1\"><a href=\"https:\/\/salsabil-arabia.com\/ar\/category\/uncategorized\/\">Uncategorized<\/a>\n<\/li>\n\t<li class=\"cat-item cat-item-4\"><a href=\"https:\/\/salsabil-arabia.com\/ar\/category\/post-format-video\/\">Video<\/a>\n<\/li>\n\t\t\t<\/ul>\n\n\t\t\t<\/div><div class=\"widget widget_categories\"><h3 class=\"widget-title\">\u0648\u0633\u0648\u0645<\/h3><div class=\"tagcloud\"><a href=\"https:\/\/salsabil-arabia.com\/ar\/tag\/audio\/\" class=\"tag-cloud-link tag-link-9 tag-link-position-1\" style=\"font-size: 8pt;\" aria-label=\"audio (\u0639\u0646\u0635\u0631 \u0648\u0627\u062d\u062f (1))\">audio<\/a>\n<a href=\"https:\/\/salsabil-arabia.com\/ar\/tag\/blog\/\" class=\"tag-cloud-link tag-link-10 tag-link-position-2\" style=\"font-size: 22pt;\" aria-label=\"blog (3 \u0639\u0646\u0627\u0635\u0631)\">blog<\/a>\n<a href=\"https:\/\/salsabil-arabia.com\/ar\/tag\/gallery\/\" class=\"tag-cloud-link tag-link-39 tag-link-position-3\" style=\"font-size: 8pt;\" aria-label=\"gallery (\u0639\u0646\u0635\u0631 \u0648\u0627\u062d\u062f (1))\">gallery<\/a>\n<a href=\"https:\/\/salsabil-arabia.com\/ar\/tag\/image\/\" class=\"tag-cloud-link tag-link-46 tag-link-position-4\" style=\"font-size: 16.4pt;\" aria-label=\"image (\u0639\u0646\u0635\u0631\u0627\u0646 (2))\">image<\/a>\n<a href=\"https:\/\/salsabil-arabia.com\/ar\/tag\/invento\/\" class=\"tag-cloud-link tag-link-48 tag-link-position-5\" style=\"font-size: 16.4pt;\" aria-label=\"invento (\u0639\u0646\u0635\u0631\u0627\u0646 (2))\">invento<\/a>\n<a href=\"https:\/\/salsabil-arabia.com\/ar\/tag\/klb\/\" class=\"tag-cloud-link tag-link-51 tag-link-position-6\" style=\"font-size: 8pt;\" aria-label=\"klb (\u0639\u0646\u0635\u0631 \u0648\u0627\u062d\u062f (1))\">klb<\/a>\n<a href=\"https:\/\/salsabil-arabia.com\/ar\/tag\/klbtheme\/\" class=\"tag-cloud-link tag-link-52 tag-link-position-7\" style=\"font-size: 8pt;\" aria-label=\"klbtheme (\u0639\u0646\u0635\u0631 \u0648\u0627\u062d\u062f (1))\">klbtheme<\/a>\n<a href=\"https:\/\/salsabil-arabia.com\/ar\/tag\/mostbet\/\" class=\"tag-cloud-link tag-link-161 tag-link-position-8\" style=\"font-size: 16.4pt;\" aria-label=\"mostbet (\u0639\u0646\u0635\u0631\u0627\u0646 (2))\">mostbet<\/a>\n<a href=\"https:\/\/salsabil-arabia.com\/ar\/tag\/mostbet-uz\/\" class=\"tag-cloud-link tag-link-162 tag-link-position-9\" style=\"font-size: 16.4pt;\" aria-label=\"mostbet UZ (\u0639\u0646\u0635\u0631\u0627\u0646 (2))\">mostbet UZ<\/a>\n<a href=\"https:\/\/salsabil-arabia.com\/ar\/tag\/music\/\" class=\"tag-cloud-link tag-link-66 tag-link-position-10\" style=\"font-size: 8pt;\" aria-label=\"music (\u0639\u0646\u0635\u0631 \u0648\u0627\u062d\u062f (1))\">music<\/a>\n<a href=\"https:\/\/salsabil-arabia.com\/ar\/tag\/photos\/\" class=\"tag-cloud-link tag-link-73 tag-link-position-11\" style=\"font-size: 8pt;\" aria-label=\"photos (\u0639\u0646\u0635\u0631 \u0648\u0627\u062d\u062f (1))\">photos<\/a>\n<a href=\"https:\/\/salsabil-arabia.com\/ar\/tag\/post\/\" class=\"tag-cloud-link tag-link-78 tag-link-position-12\" style=\"font-size: 16.4pt;\" aria-label=\"post (\u0639\u0646\u0635\u0631\u0627\u0646 (2))\">post<\/a>\n<a href=\"https:\/\/salsabil-arabia.com\/ar\/tag\/slider\/\" class=\"tag-cloud-link tag-link-92 tag-link-position-13\" style=\"font-size: 8pt;\" aria-label=\"slider (\u0639\u0646\u0635\u0631 \u0648\u0627\u062d\u062f (1))\">slider<\/a>\n<a href=\"https:\/\/salsabil-arabia.com\/ar\/tag\/theme\/\" class=\"tag-cloud-link tag-link-109 tag-link-position-14\" style=\"font-size: 8pt;\" aria-label=\"theme (\u0639\u0646\u0635\u0631 \u0648\u0627\u062d\u062f (1))\">theme<\/a>\n<a href=\"https:\/\/salsabil-arabia.com\/ar\/tag\/themeforest\/\" class=\"tag-cloud-link tag-link-110 tag-link-position-15\" style=\"font-size: 8pt;\" aria-label=\"themeforest (\u0639\u0646\u0635\u0631 \u0648\u0627\u062d\u062f (1))\">themeforest<\/a>\n<a href=\"https:\/\/salsabil-arabia.com\/ar\/tag\/video\/\" class=\"tag-cloud-link tag-link-118 tag-link-position-16\" style=\"font-size: 16.4pt;\" aria-label=\"video (\u0639\u0646\u0635\u0631\u0627\u0646 (2))\">video<\/a>\n<a href=\"https:\/\/salsabil-arabia.com\/ar\/tag\/vimeo\/\" class=\"tag-cloud-link tag-link-120 tag-link-position-17\" style=\"font-size: 8pt;\" aria-label=\"vimeo (\u0639\u0646\u0635\u0631 \u0648\u0627\u062d\u062f (1))\">vimeo<\/a><\/div>\n<\/div>\r\n\t\t  <\/aside>\r\n\t<\/div>\r\n<\/div><\/div><\/div><\/div>","protected":false},"excerpt":{"rendered":"Lorem ipsum dolor sit amet consectetur adipiscing elit. Cras ut dui pharetra, vulputate tortor vitae, porta mauris. Duis ac nulla risus. Proin porttitor felis eu ultricies ornare. Nulla mollis interdum elit et viverra. Proin eu tincidunt orci. Sed scelerisque ex tempus sem elementum varius. Maecenas volutpat urna vel nisi vehicula tristique. Suspendisse a viverra lacus.<div class=\"bottom-meta\">\r\n  <a href=\"https:\/\/salsabil-arabia.com\/ar\/speed-photography\/\"><span class=\"text-more\">Read More<\/span><\/a><a href=\"#\" class=\"jm-post-like entry-like\" data-post_id=\"1667\" title=\"Like\"><i class=\"fa fa-heart-o icon-unlike\"><\/i>15<\/a><\/div>","protected":false},"author":1,"featured_media":0,"parent":0,"menu_order":0,"comment_status":"closed","ping_status":"closed","template":"","meta":{"cybocfi_hide_featured_image":"","footnotes":""},"class_list":["post-1606","page","type-page","status-publish","hentry","entry opacity"],"_links":{"self":[{"href":"https:\/\/salsabil-arabia.com\/ar\/wp-json\/wp\/v2\/pages\/1606"}],"collection":[{"href":"https:\/\/salsabil-arabia.com\/ar\/wp-json\/wp\/v2\/pages"}],"about":[{"href":"https:\/\/salsabil-arabia.com\/ar\/wp-json\/wp\/v2\/types\/page"}],"author":[{"embeddable":true,"href":"https:\/\/salsabil-arabia.com\/ar\/wp-json\/wp\/v2\/users\/1"}],"replies":[{"embeddable":true,"href":"https:\/\/salsabil-arabia.com\/ar\/wp-json\/wp\/v2\/comments?post=1606"}],"version-history":[{"count":0,"href":"https:\/\/salsabil-arabia.com\/ar\/wp-json\/wp\/v2\/pages\/1606\/revisions"}],"wp:attachment":[{"href":"https:\/\/salsabil-arabia.com\/ar\/wp-json\/wp\/v2\/media?parent=1606"}],"curies":[{"name":"wp","href":"https:\/\/api.w.org\/{rel}","templated":true}]}}