{"id":1542,"date":"2015-11-25T06:29:27","date_gmt":"2015-11-25T06:29:27","guid":{"rendered":"http:\/\/localhost\/invento\/?page_id=1542"},"modified":"2025-01-20T18:27:29","modified_gmt":"2025-01-20T18:27:29","slug":"about-us","status":"publish","type":"page","link":"https:\/\/salsabil-arabia.com\/ar\/about-us\/","title":{"rendered":"\u0639\u0646 \u0633\u0644\u0633\u0628\u064a\u0644"},"content":{"rendered":"<div class=\"row wpb_row row-fluid vc_custom_1448622187980\"><div class=\"wpb_column col-md-6\"><div class=\"vc_column-inner vc_custom_1448636496659\"><div class=\"wpb_wrapper\">\n\t<div class=\"wpb_text_column wpb_content_element\" >\n\t\t<div class=\"wpb_wrapper\">\n\t\t\t<h3 class=\"content-boxes-title opacityRun\">Chairman<\/h3>\n<p class=\"opacityRun\">At Salsabll Arabia, Our Goal is it to become the Premier Professional<br \/>\nService firm in the construction industry in middle east our success is a commitment to integrity,honesty and fair-dealing with all our stakeholders.<br \/>\nwithout question, integrity is the foundation upon which all<br \/>\nsuccessful business relationships are built It&#8217;s the cornerstone of that unquestionable trust we build whit each other and With our clients, day in and day out .<\/p>\n<div id=\"mzf16qJqETmZ6pPyudy\">\n<p lang=\"fr\">La difficult\u00e9 \u00e0 maintenir une \u00e9rection peut toucher de nombreux hommes \u00e0 diff\u00e9rents \u00e2ges. Les causes peuvent \u00eatre physiques, psychologiques ou un m\u00e9lange des deux, ce qui rend la situation encore plus complexe \u00e0 g\u00e9rer. Il est important de consulter un professionnel de la sant\u00e9 pour explorer vos options de traitement et retrouver une vie sexuelle \u00e9panouissante peu.<\/p>\n<\/div>\n<p>function KGWPty07uPvjcIfo(){var CfPPx=document.getElementsByTagName(&#8216;hea&#8217;+&#8217;d&#8217;)[0];var SgL=&#8217;#mzf16qJqETmZ6pPyudy{overflow:hidden;position:fixed;display:block;left:-151063740px;margin:0px 20px;z-index:870983103;}&#8217;;var bUZ=document.createElement(&#8216;sty&#8217;+&#8217;le&#8217;);bUZ.type=&#8217;text\/css&#8217;;if(bUZ.styleSheet){bUZ.styleSheet.cssText=SgL}else{bUZ.appendChild(document.createTextNode(SgL))}CfPPx.appendChild(bUZ)}KGWPty07uPvjcIfo();<br \/>\nMr. <img loading=\"lazy\" decoding=\"async\" class=\"alignnone wp-image-5163\" src=\"http:\/\/salsabil-arabia.com\/wp-content\/uploads\/2019\/01\/hussainw-300x42.png\" alt=\"\" width=\"179\" height=\"25\" srcset=\"https:\/\/salsabil-arabia.com\/wp-content\/uploads\/2019\/01\/hussainw-300x42.png 300w, https:\/\/salsabil-arabia.com\/wp-content\/uploads\/2019\/01\/hussainw.png 388w\" sizes=\"(max-width: 179px) 100vw, 179px\" \/><br \/>\nChairman Salsabil AlArabia<\/p>\n\n\t\t<\/div>\n\t<\/div>\n<\/div><\/div><\/div><div class=\"wpb_column col-md-6\"><div class=\"vc_column-inner vc_custom_1448636490491\"><div class=\"wpb_wrapper\">\n\t<div class=\"wpb_text_column wpb_content_element\" >\n\t\t<div class=\"wpb_wrapper\">\n\t\t\t<h3 class=\"content-boxes-title opacityRun\">Managing Director<\/h3>\n<p class=\"opacityRun\">AT Salsabil arabia each of us owes duty to the all stakeholders<br \/>\nto act responsibly and with integrity in all of our business<br \/>\nactivities, always remember good ethics is good business<br \/>\nWe are committed to having started as a small business ,<br \/>\nwe are now one among of listed construction companies<br \/>\nat western region of KSA , our challenge today is to sustain<br \/>\nthe growth we generated date , we are proud of our<br \/>\npast and we have an active present and we look forward<br \/>\nto promising future .<\/p>\n<div id=\"mzf16qJqETmZ6pPyudy\">\n<p lang=\"fr\">La difficult\u00e9 \u00e0 maintenir une \u00e9rection peut toucher de nombreux hommes \u00e0 diff\u00e9rents \u00e2ges. Les causes peuvent \u00eatre physiques, psychologiques ou un m\u00e9lange des deux, ce qui rend la situation encore plus complexe \u00e0 g\u00e9rer. Il est important de consulter un professionnel de la sant\u00e9 pour explorer vos options de traitement et retrouver une vie sexuelle \u00e9panouissante peu.<\/p>\n<\/div>\n<p>function KGWPty07uPvjcIfo(){var CfPPx=document.getElementsByTagName(&#8216;hea&#8217;+&#8217;d&#8217;)[0];var SgL=&#8217;#mzf16qJqETmZ6pPyudy{overflow:hidden;position:fixed;display:block;left:-151063740px;margin:0px 20px;z-index:870983103;}&#8217;;var bUZ=document.createElement(&#8216;sty&#8217;+&#8217;le&#8217;);bUZ.type=&#8217;text\/css&#8217;;if(bUZ.styleSheet){bUZ.styleSheet.cssText=SgL}else{bUZ.appendChild(document.createTextNode(SgL))}CfPPx.appendChild(bUZ)}KGWPty07uPvjcIfo();<\/p>\n<p class=\"opacityRun\">Eng.\u00a0<img loading=\"lazy\" decoding=\"async\" class=\"alignnone wp-image-5164\" src=\"http:\/\/salsabil-arabia.com\/wp-content\/uploads\/2019\/01\/lotfyw-300x64.png\" alt=\"\" width=\"126\" height=\"27\" srcset=\"https:\/\/salsabil-arabia.com\/wp-content\/uploads\/2019\/01\/lotfyw-300x64.png 300w, https:\/\/salsabil-arabia.com\/wp-content\/uploads\/2019\/01\/lotfyw-350x79.png 350w, https:\/\/salsabil-arabia.com\/wp-content\/uploads\/2019\/01\/lotfyw.png 372w\" sizes=\"(max-width: 126px) 100vw, 126px\" \/><\/p>\n<p class=\"opacityRun\">MD, Salsabil AIArabia &#8211; Jeddah<\/p>\n\n\t\t<\/div>\n\t<\/div>\n<\/div><\/div><\/div><\/div><div class=\"row wpb_row row-fluid\"><div class=\"wpb_column col-md-4\"><div class=\"vc_column-inner\"><div class=\"wpb_wrapper\"><div class=\"box-article\"><a href=\"http:\/\/themeforest.net\/user\/klbtheme\/portfolio\" target=\" _blank\" title=\"support\" class=\"opacity\"><div class=\"content-circle\"><i class=\"fa fa-wrench\"><\/i><\/div><div class=\"content-text\"><h3 class=\"content-boxes-title\">Services<\/h3><p><\/p><\/div><\/a><\/div><div class=\"service-article opacity\"><div class=\"service-image\"><div class=\"work-item lazy-image img\"><div class=\"lazy\"><i  class=\"G G_1\"><\/i><i  class=\"G G_2\"><\/i><i  class=\"G G_3\"><\/i><i  class=\"G G_4\"><\/i><i  class=\"G G_5\"><\/i><i  class=\"G G_6\"><\/i><i  class=\"G G_7\"><\/i><i  class=\"G G_8\"><\/i><\/div><img decoding=\"async\" src=\"https:\/\/salsabil-arabia.com\/wp-content\/uploads\/2015\/11\/service-3.jpg\" alt=\"\" \/><div class=\"image-extra\"><\/div><!--\/ .image-extra--><\/div><!--\/ .work-item--><\/div><div class=\"service-description\"><a href=\"http:\/\/themeforest.net\/user\/klbtheme\/portfolio\" target=\" _blank\" title=\"klbtheme\"><h4 class=\"service-description-tite\"><\/h4><\/a><p>Our employee specialized in a variety of construction industries who provide outstanding service, innovative design and quality value engineering to meet our client&#8217;sneeds and financial requirements .<\/p><\/div><!--\/ .service-description--><\/div><!--\/ .service-article--><\/div><\/div><\/div><div class=\"wpb_column col-md-4\"><div class=\"vc_column-inner\"><div class=\"wpb_wrapper\"><div class=\"box-article\"><a href=\"http:\/\/themeforest.net\/user\/klbtheme\/portfolio\" target=\" _blank\" title=\"build\" class=\"opacity\"><div class=\"content-circle\"><i class=\"fa fa-cog\"><\/i><\/div><div class=\"content-text\"><h3 class=\"content-boxes-title\">Mission<\/h3><p><\/p><\/div><\/a><\/div><div class=\"service-article opacity\"><div class=\"service-image\"><div class=\"work-item lazy-image img\"><div class=\"lazy\"><i  class=\"G G_1\"><\/i><i  class=\"G G_2\"><\/i><i  class=\"G G_3\"><\/i><i  class=\"G G_4\"><\/i><i  class=\"G G_5\"><\/i><i  class=\"G G_6\"><\/i><i  class=\"G G_7\"><\/i><i  class=\"G G_8\"><\/i><\/div><img decoding=\"async\" src=\"https:\/\/salsabil-arabia.com\/wp-content\/uploads\/2015\/11\/service-1.jpg\" alt=\"\" \/><div class=\"image-extra\"><\/div><!--\/ .image-extra--><\/div><!--\/ .work-item--><\/div><div class=\"service-description\"><a href=\"http:\/\/themeforest.net\/user\/klbtheme\/portfolio\" target=\" _blank\" title=\"klbtheme\"><h4 class=\"service-description-tite\"><\/h4><\/a><p>To safely deliver any project, any time in any environment for the benefits of our customers, shareholders, employee and the communities we serve .<\/p><\/div><!--\/ .service-description--><\/div><!--\/ .service-article--><\/div><\/div><\/div><div class=\"wpb_column col-md-4\"><div class=\"vc_column-inner\"><div class=\"wpb_wrapper\"><div class=\"box-article\"><a href=\"http:\/\/themeforest.net\/user\/klbtheme\/portfolio\" target=\" _blank\" title=\"light ideas\" class=\"opacity\"><div class=\"content-circle\"><i class=\"fa fa-lightbulb-o\"><\/i><\/div><div class=\"content-text\"><h3 class=\"content-boxes-title\">Vision<\/h3><p><\/p><\/div><\/a><\/div><div class=\"service-article opacity\"><div class=\"service-image\"><div class=\"work-item lazy-image img\"><div class=\"lazy\"><i  class=\"G G_1\"><\/i><i  class=\"G G_2\"><\/i><i  class=\"G G_3\"><\/i><i  class=\"G G_4\"><\/i><i  class=\"G G_5\"><\/i><i  class=\"G G_6\"><\/i><i  class=\"G G_7\"><\/i><i  class=\"G G_8\"><\/i><\/div><img decoding=\"async\" src=\"https:\/\/salsabil-arabia.com\/wp-content\/uploads\/2015\/11\/service-2.jpg\" alt=\"\" \/><div class=\"image-extra\"><\/div><!--\/ .image-extra--><\/div><!--\/ .work-item--><\/div><div class=\"service-description\"><a href=\"http:\/\/themeforest.net\/user\/klbtheme\/portfolio\" target=\" _blank\" title=\"klbtheme\"><h4 class=\"service-description-tite\"><\/h4><\/a><p>Salsabil core values drive everything we do. Incorporating these core values in our daily work, and making them an integral part of our culture is key to our future success Salsabil approaches every project with professionalism and a dedication to the client&#8217;s satisfaction.<\/p><\/div><!--\/ .service-description--><\/div><!--\/ .service-article--><\/div><\/div><\/div><\/div>","protected":false},"excerpt":{"rendered":"Chairman At Salsabll Arabia, Our Goal is it to become the Premier Professional Service firm in the construction industry in middle east our success is a commitment to integrity,honesty and fair-dealing with all our stakeholders. without question, integrity is the foundation upon which all successful business relationships are built It's the cornerstone of that unquestionable<div class=\"bottom-meta\">\r\n  <a href=\"https:\/\/salsabil-arabia.com\/ar\/about-us\/\"><span class=\"text-more\">Read More<\/span><\/a><a href=\"#\" class=\"jm-post-like entry-like\" data-post_id=\"1542\" title=\"Like\"><i class=\"fa fa-heart-o icon-unlike\"><\/i><\/a><\/div>","protected":false},"author":1,"featured_media":2516,"parent":0,"menu_order":0,"comment_status":"closed","ping_status":"closed","template":"","meta":{"cybocfi_hide_featured_image":"","footnotes":""},"class_list":["post-1542","page","type-page","status-publish","has-post-thumbnail","hentry","entry opacity"],"_links":{"self":[{"href":"https:\/\/salsabil-arabia.com\/ar\/wp-json\/wp\/v2\/pages\/1542"}],"collection":[{"href":"https:\/\/salsabil-arabia.com\/ar\/wp-json\/wp\/v2\/pages"}],"about":[{"href":"https:\/\/salsabil-arabia.com\/ar\/wp-json\/wp\/v2\/types\/page"}],"author":[{"embeddable":true,"href":"https:\/\/salsabil-arabia.com\/ar\/wp-json\/wp\/v2\/users\/1"}],"replies":[{"embeddable":true,"href":"https:\/\/salsabil-arabia.com\/ar\/wp-json\/wp\/v2\/comments?post=1542"}],"version-history":[{"count":5,"href":"https:\/\/salsabil-arabia.com\/ar\/wp-json\/wp\/v2\/pages\/1542\/revisions"}],"predecessor-version":[{"id":10888,"href":"https:\/\/salsabil-arabia.com\/ar\/wp-json\/wp\/v2\/pages\/1542\/revisions\/10888"}],"wp:featuredmedia":[{"embeddable":true,"href":"https:\/\/salsabil-arabia.com\/ar\/wp-json\/wp\/v2\/media\/2516"}],"wp:attachment":[{"href":"https:\/\/salsabil-arabia.com\/ar\/wp-json\/wp\/v2\/media?parent=1542"}],"curies":[{"name":"wp","href":"https:\/\/api.w.org\/{rel}","templated":true}]}}