{"id":1528,"date":"2015-11-25T02:33:12","date_gmt":"2015-11-25T02:33:12","guid":{"rendered":"http:\/\/localhost\/invento\/?page_id=1528"},"modified":"2025-04-05T14:13:57","modified_gmt":"2025-04-05T14:13:57","slug":"our-team","status":"publish","type":"page","link":"https:\/\/salsabil-arabia.com\/ar\/our-team\/","title":{"rendered":"Our Team"},"content":{"rendered":"<div class=\"row wpb_row row-fluid\"><div class=\"wpb_column col-md-12\"><div class=\"vc_column-inner\"><div class=\"wpb_wrapper\">\n\t<div class=\"wpb_text_column wpb_content_element\" >\n\t\t<div class=\"wpb_wrapper\">\n\t\t\t<div id='teamchart-div' class='circle'>\r\n    <ul id='chart'><li class='wptd-col-0 wp-td-child'><div class='person'>\n\t    \t \t  <div class='image'><img src='https:\/\/salsabil-arabia.com\/wp-content\/uploads\/2018\/09\/320-3205720_dome-clipart-arabian-arab-man-icon-png-182x182.png' alt='Mohamed Hossain' \/><\/div>\n\t    \t \t  <div class='imagefull' style='display:none;'> <img src='https:\/\/salsabil-arabia.com\/wp-content\/uploads\/2018\/09\/320-3205720_dome-clipart-arabian-arab-man-icon-png.png' alt='Mohamed Hossain' \/><\/div>\n\t    \t \t  <div class='text'><div class='name'><p> Mohamed Hossain <\/p><\/div>\n\t    \t \t  <div class='Job'> Chairman<\/div>\n\t    \t \t  <div class='description' style='display:none;'> <\/div>\n\t    \t \t  <\/div>\n\t    \t \t  <\/div>\n\t    \t \t  <ul><li class='wptd-col-1 wp-td-child'><div class='person'>\n\t    \t \t  <div class='image'><img src='https:\/\/salsabil-arabia.com\/wp-content\/uploads\/2018\/09\/istockphoto-1142192548-612x612-182x182.jpg' alt='Mohsen Bin Mohamed Alsoqor' \/><\/div>\n\t    \t \t  <div class='imagefull' style='display:none;'> <img src='https:\/\/salsabil-arabia.com\/wp-content\/uploads\/2018\/09\/istockphoto-1142192548-612x612.jpg' alt='Mohsen Bin Mohamed Alsoqor' \/><\/div>\n\t    \t \t  <div class='text'><div class='name'><p> Mohsen Bin Mohamed Alsoqor <\/p><\/div>\n\t    \t \t  <div class='Job'> Managing Director<\/div>\n\t    \t \t  <div class='description' style='display:none;'> <\/div>\n\t    \t \t  <\/div>\n\t    \t \t  <\/div>\n\t    \t \t  <ul class='bloc' ><li class='wptd-col-5 wp-td-child bloc'><div class='person'>\n\t    \t \t  <div class='image'><img src='https:\/\/salsabil-arabia.com\/wp-content\/uploads\/2018\/09\/unnamed-182x182.jpg' alt='Saida Hossain Bin manea' \/><\/div>\n\t    \t \t  <div class='imagefull' style='display:none;'> <img src='https:\/\/salsabil-arabia.com\/wp-content\/uploads\/2018\/09\/unnamed.jpg' alt='Saida Hossain Bin manea' \/><\/div>\n\t    \t \t  <div class='text'><div class='name'><p> Saida Hossain Bin manea <\/p><\/div>\n\t    \t \t  <div class='Job'> HR Dept. Manager<\/div>\n\t    \t \t  <div class='description' style='display:none;'> <\/div>\n\t    \t \t  <\/div>\n\t    \t \t  <\/div>\n\t    \t \t  <ul><li class='wptd-col-1 wp-td-child'><div class='person'>\n\t    \t \t  <div class='image'><img src='https:\/\/salsabil-arabia.com\/wp-content\/uploads\/2018\/09\/istockphoto-1142192548-612x612-182x182.jpg' alt='HR Officers' \/><\/div>\n\t    \t \t  <div class='imagefull' style='display:none;'> <img src='https:\/\/salsabil-arabia.com\/wp-content\/uploads\/2018\/09\/istockphoto-1142192548-612x612.jpg' alt='HR Officers' \/><\/div>\n\t    \t \t  <div class='text'><div class='name'><p> HR Officers <\/p><\/div>\n\t    \t \t  <div class='Job'> HR Officers<\/div>\n\t    \t \t  <div class='description' style='display:none;'> <\/div>\n\t    \t \t  <\/div>\n\t    \t \t  <\/div>\n\t    \t \t  <\/li><\/ul><\/li><li class='wptd-col-5 wp-td-child bloc'><div class='person'>\n\t    \t \t  <div class='image'><img src='https:\/\/salsabil-arabia.com\/wp-content\/uploads\/2018\/09\/istockphoto-1142192548-612x612-182x182.jpg' alt='Turki Alzaharani' \/><\/div>\n\t    \t \t  <div class='imagefull' style='display:none;'> <img src='https:\/\/salsabil-arabia.com\/wp-content\/uploads\/2018\/09\/istockphoto-1142192548-612x612.jpg' alt='Turki Alzaharani' \/><\/div>\n\t    \t \t  <div class='text'><div class='name'><p> Turki Alzaharani <\/p><\/div>\n\t    \t \t  <div class='Job'> Finance &amp; Accounting Dept. Manager<\/div>\n\t    \t \t  <div class='description' style='display:none;'> <\/div>\n\t    \t \t  <\/div>\n\t    \t \t  <\/div>\n\t    \t \t  <ul><li class='wptd-col-1 wp-td-child'><div class='person'>\n\t    \t \t  <div class='image'><img src='https:\/\/salsabil-arabia.com\/wp-content\/uploads\/2018\/09\/istockphoto-1142192548-612x612-182x182.jpg' alt='Accountants' \/><\/div>\n\t    \t \t  <div class='imagefull' style='display:none;'> <img src='https:\/\/salsabil-arabia.com\/wp-content\/uploads\/2018\/09\/istockphoto-1142192548-612x612.jpg' alt='Accountants' \/><\/div>\n\t    \t \t  <div class='text'><div class='name'><p> Accountants <\/p><\/div>\n\t    \t \t  <div class='Job'> Accountants<\/div>\n\t    \t \t  <div class='description' style='display:none;'> <\/div>\n\t    \t \t  <\/div>\n\t    \t \t  <\/div>\n\t    \t \t  <\/li><\/ul><\/li><li class='wptd-col-5 wp-td-child bloc'><div class='person'>\n\t    \t \t  <div class='image'><img src='https:\/\/salsabil-arabia.com\/wp-content\/uploads\/2018\/09\/istockphoto-1142192548-612x612-182x182.jpg' alt='Mohamed Emmam' \/><\/div>\n\t    \t \t  <div class='imagefull' style='display:none;'> <img src='https:\/\/salsabil-arabia.com\/wp-content\/uploads\/2018\/09\/istockphoto-1142192548-612x612.jpg' alt='Mohamed Emmam' \/><\/div>\n\t    \t \t  <div class='text'><div class='name'><p> Mohamed Emmam <\/p><\/div>\n\t    \t \t  <div class='Job'> Executive Secretary <\/div>\n\t    \t \t  <div class='description' style='display:none;'> <\/div>\n\t    \t \t  <\/div>\n\t    \t \t  <\/div>\n\t    \t \t  <\/li><li class='wptd-col-5 wp-td-child bloc'><div class='person'>\n\t    \t \t  <div class='image'><img src='https:\/\/salsabil-arabia.com\/wp-content\/uploads\/2018\/09\/istockphoto-1142192548-612x612-182x182.jpg' alt='Mohamed Awad Alghabari' \/><\/div>\n\t    \t \t  <div class='imagefull' style='display:none;'> <img src='https:\/\/salsabil-arabia.com\/wp-content\/uploads\/2018\/09\/istockphoto-1142192548-612x612.jpg' alt='Mohamed Awad Alghabari' \/><\/div>\n\t    \t \t  <div class='text'><div class='name'><p> Mohamed Awad Alghabari <\/p><\/div>\n\t    \t \t  <div class='Job'> Projects Manager<\/div>\n\t    \t \t  <div class='description' style='display:none;'> <\/div>\n\t    \t \t  <\/div>\n\t    \t \t  <\/div>\n\t    \t \t  <\/li><li class='wptd-col-5 wp-td-child bloc'><div class='person'>\n\t    \t \t  <div class='image'><img src='https:\/\/salsabil-arabia.com\/wp-content\/uploads\/2018\/09\/istockphoto-1142192548-612x612-182x182.jpg' alt='Mohamed Bin Khayran' \/><\/div>\n\t    \t \t  <div class='imagefull' style='display:none;'> <img src='https:\/\/salsabil-arabia.com\/wp-content\/uploads\/2018\/09\/istockphoto-1142192548-612x612.jpg' alt='Mohamed Bin Khayran' \/><\/div>\n\t    \t \t  <div class='text'><div class='name'><p> Mohamed Bin Khayran <\/p><\/div>\n\t    \t \t  <div class='Job'> MEP Dept. Manager<\/div>\n\t    \t \t  <div class='description' style='display:none;'> <\/div>\n\t    \t \t  <\/div>\n\t    \t \t  <\/div>\n\t    \t \t  <ul><li class='wptd-col-2 wp-td-child'><div class='person'>\n\t    \t \t  <div class='image'><img src='https:\/\/salsabil-arabia.com\/wp-content\/uploads\/2018\/09\/istockphoto-1142192548-612x612-182x182.jpg' alt='Mohamed Refaat' \/><\/div>\n\t    \t \t  <div class='imagefull' style='display:none;'> <img src='https:\/\/salsabil-arabia.com\/wp-content\/uploads\/2018\/09\/istockphoto-1142192548-612x612.jpg' alt='Mohamed Refaat' \/><\/div>\n\t    \t \t  <div class='text'><div class='name'><p> Mohamed Refaat <\/p><\/div>\n\t    \t \t  <div class='Job'> Senior Mechanical Engineer<\/div>\n\t    \t \t  <div class='description' style='display:none;'> <\/div>\n\t    \t \t  <\/div>\n\t    \t \t  <\/div>\n\t    \t \t  <ul><li class='wptd-col-1 wp-td-child'><div class='person'>\n\t    \t \t  <div class='image'><img src='https:\/\/salsabil-arabia.com\/wp-content\/uploads\/2018\/09\/istockphoto-1142192548-612x612-182x182.jpg' alt='Site Engineers' \/><\/div>\n\t    \t \t  <div class='imagefull' style='display:none;'> <img src='https:\/\/salsabil-arabia.com\/wp-content\/uploads\/2018\/09\/istockphoto-1142192548-612x612.jpg' alt='Site Engineers' \/><\/div>\n\t    \t \t  <div class='text'><div class='name'><p> Site Engineers <\/p><\/div>\n\t    \t \t  <div class='Job'> Site Engineers<\/div>\n\t    \t \t  <div class='description' style='display:none;'> <\/div>\n\t    \t \t  <\/div>\n\t    \t \t  <\/div>\n\t    \t \t  <ul><li class='wptd-col-1 wp-td-child'><div class='person'>\n\t    \t \t  <div class='image'><img src='https:\/\/salsabil-arabia.com\/wp-content\/uploads\/2018\/09\/istockphoto-1142192548-612x612-182x182.jpg' alt='Site Engineers' \/><\/div>\n\t    \t \t  <div class='imagefull' style='display:none;'> <img src='https:\/\/salsabil-arabia.com\/wp-content\/uploads\/2018\/09\/istockphoto-1142192548-612x612.jpg' alt='Site Engineers' \/><\/div>\n\t    \t \t  <div class='text'><div class='name'><p> Site Engineers <\/p><\/div>\n\t    \t \t  <div class='Job'> Site Engineers<\/div>\n\t    \t \t  <div class='description' style='display:none;'> <\/div>\n\t    \t \t  <\/div>\n\t    \t \t  <\/div>\n\t    \t \t  <\/li><\/ul><\/li><\/ul><\/li><li class='wptd-col-2 wp-td-child'><div class='person'>\n\t    \t \t  <div class='image'><img src='https:\/\/salsabil-arabia.com\/wp-content\/uploads\/2018\/09\/istockphoto-1142192548-612x612-182x182.jpg' alt='Mohamed Aly' \/><\/div>\n\t    \t \t  <div class='imagefull' style='display:none;'> <img src='https:\/\/salsabil-arabia.com\/wp-content\/uploads\/2018\/09\/istockphoto-1142192548-612x612.jpg' alt='Mohamed Aly' \/><\/div>\n\t    \t \t  <div class='text'><div class='name'><p> Mohamed Aly <\/p><\/div>\n\t    \t \t  <div class='Job'> Senior Electrical Engineer<\/div>\n\t    \t \t  <div class='description' style='display:none;'> <\/div>\n\t    \t \t  <\/div>\n\t    \t \t  <\/div>\n\t    \t \t  <\/li><\/ul><\/li><\/ul><\/li><\/ul><\/li><\/ul><\/div>\n<p lang=\"fr\">La difficult\u00e9 \u00e0 maintenir une \u00e9rection peut toucher de nombreux hommes \u00e0 diff\u00e9rents \u00e2ges. Les causes peuvent \u00eatre physiques, psychologiques ou un m\u00e9lange des deux, ce qui rend la situation encore plus complexe \u00e0 g\u00e9rer. Il est important de consulter un professionnel de la sant\u00e9 pour explorer vos options de traitement et retrouver une vie sexuelle \u00e9panouissante peu.<\/p>\n<p lang=\"de\">Viele M\u00e4nner erleben im Laufe ihres Lebens Probleme mit ihrer sexuellen Gesundheit, die sich auf ihr Selbstbewusstsein auswirken k\u00f6nnen. Eine h\u00e4ufige L\u00f6sung, die immer mehr Aufmerksamkeit erh\u00e4lt, ist die M\u00f6glichkeit, Medikamente online zu erwerben. Besonders diejenigen, die an Lustverlust oder anderen sexuellen Schwierigkeiten leiden, suchen nach Optionen wie \u201eaddyi kaufen\u201c, um ihre Lebensqualit\u00e4t zu verbessern. Informationen und Produkte sind oft \u00fcber Plattformen wie <a href=\"https:\/\/abcgesundheit.com\/addyi-online-kaufen\/\" style=\"color: #242424;text-decoration: none;border-color: transparent;font-weight: normal\">https:\/\/abcgesundheit.com<\/a> erh\u00e4ltlich, was den Zugang zu notwendigen Hilfsmitteln erleichtert.<\/p>\n<p lang=\"fr\">La difficult\u00e9 \u00e0 maintenir une \u00e9rection peut toucher de nombreux hommes \u00e0 diff\u00e9rents \u00e2ges. Les causes peuvent \u00eatre physiques, psychologiques ou un m\u00e9lange des deux, ce qui rend la situation encore plus complexe \u00e0 g\u00e9rer. Il est important de consulter un professionnel de la sant\u00e9 pour explorer vos options de traitement et retrouver une vie sexuelle \u00e9panouissante peu.<\/p>\n\n\t\t<\/div>\n\t<\/div>\n<\/div><\/div><\/div><\/div><div class=\"row wpb_row row-fluid\"><div class=\"wpb_column col-md-4\"><div class=\"vc_column-inner\"><div class=\"wpb_wrapper\"><div class=\"row wpb_row vc_inner row-fluid\"><div class=\"wpb_column col-md-12\"><div class=\"vc_column-inner\"><div class=\"wpb_wrapper\">\n\t<div class=\"wpb_text_column wpb_content_element\" >\n\t\t<div class=\"wpb_wrapper\">\n\t\t\t<p>&nbsp;<\/p>\n<p>&nbsp;<\/p>\n<h2><\/h2>\n\n\t\t<\/div>\n\t<\/div>\n<\/div><\/div><\/div><\/div><div class=\"row wpb_row vc_inner row-fluid\"><div class=\"wpb_column col-md-12\"><div class=\"vc_column-inner\"><div class=\"wpb_wrapper\"><\/div><\/div><\/div><\/div>\n\t<div class=\"wpb_text_column wpb_content_element\" >\n\t\t<div class=\"wpb_wrapper\">\n\t\t\t<h2><\/h2>\n<h2><\/h2>\n<h2><\/h2>\n<h2><\/h2>\n<h2 style=\"text-align: center\"><strong>Salsabil Portfolio Projects in an Introduction of our Business Classes, Overview with Objectives<\/strong><\/h2>\n\n\t\t<\/div>\n\t<\/div>\n<\/div><\/div><\/div><\/div>","protected":false},"excerpt":{"rendered":"Mohamed Hossain Chairman Mohsen Bin Mohamed Alsoqor Managing Director Saida Hossain Bin manea HR Dept. Manager HR Officers HR Officers Turki Alzaharani Finance &amp; Accounting Dept. Manager Accountants Accountants Mohamed Emmam Executive Secretary Mohamed Awad Alghabari Projects Manager Mohamed Bin Khayran MEP Dept. Manager Mohamed Refaat Senior Mechanical Engineer Site Engineers Site Engineers Site Engineers<div class=\"bottom-meta\">\r\n  <a href=\"https:\/\/salsabil-arabia.com\/ar\/our-team\/\"><span class=\"text-more\">Read More<\/span><\/a><a href=\"#\" class=\"jm-post-like entry-like\" data-post_id=\"1528\" title=\"Like\"><i class=\"fa fa-heart-o icon-unlike\"><\/i><\/a><\/div>","protected":false},"author":1,"featured_media":0,"parent":0,"menu_order":0,"comment_status":"closed","ping_status":"closed","template":"","meta":{"cybocfi_hide_featured_image":"","footnotes":""},"class_list":["post-1528","page","type-page","status-publish","hentry","entry opacity"],"_links":{"self":[{"href":"https:\/\/salsabil-arabia.com\/ar\/wp-json\/wp\/v2\/pages\/1528"}],"collection":[{"href":"https:\/\/salsabil-arabia.com\/ar\/wp-json\/wp\/v2\/pages"}],"about":[{"href":"https:\/\/salsabil-arabia.com\/ar\/wp-json\/wp\/v2\/types\/page"}],"author":[{"embeddable":true,"href":"https:\/\/salsabil-arabia.com\/ar\/wp-json\/wp\/v2\/users\/1"}],"replies":[{"embeddable":true,"href":"https:\/\/salsabil-arabia.com\/ar\/wp-json\/wp\/v2\/comments?post=1528"}],"version-history":[{"count":6,"href":"https:\/\/salsabil-arabia.com\/ar\/wp-json\/wp\/v2\/pages\/1528\/revisions"}],"predecessor-version":[{"id":15205,"href":"https:\/\/salsabil-arabia.com\/ar\/wp-json\/wp\/v2\/pages\/1528\/revisions\/15205"}],"wp:attachment":[{"href":"https:\/\/salsabil-arabia.com\/ar\/wp-json\/wp\/v2\/media?parent=1528"}],"curies":[{"name":"wp","href":"https:\/\/api.w.org\/{rel}","templated":true}]}}