{"id":1412,"date":"2015-11-23T07:07:24","date_gmt":"2015-11-23T07:07:24","guid":{"rendered":"http:\/\/localhost\/invento\/?page_id=1412"},"modified":"2015-11-23T07:07:24","modified_gmt":"2015-11-23T07:07:24","slug":"home-corporate-style-extended","status":"publish","type":"page","link":"https:\/\/salsabil-arabia.com\/ar\/home-corporate-style-extended\/","title":{"rendered":"Home &#8211; Corporate Style Extended"},"content":{"rendered":"<div class=\"row wpb_row row-fluid vc_custom_1456152091725\"><div class=\"wpb_column col-md-12\"><div class=\"vc_column-inner\"><div class=\"wpb_wrapper\"><div class=\"full-width work-item-move lazy-image img\"><div class=\"lazy\"><i class=\"G G_1\"><\/i><i class=\"G G_2\"><\/i><i class=\"G G_3\"><\/i><i class=\"G G_4\"><\/i><i class=\"G G_5\"><\/i><i class=\"G G_6\"><\/i><i class=\"G G_7\"><\/i><i class=\"G G_8\"><\/i><\/div><img decoding=\"async\" src=\"https:\/\/salsabil-arabia.com\/wp-content\/uploads\/2015\/11\/bg-image.jpg\" alt=\"\" \/><div class=\"container\"><div class=\"row\"><div class=\"col-xs-12\"><div class=\"header-text\"><p>precise project planning,<br \/>\nobjective analysis, modern design<br \/>\nand satisfying results!<\/p><\/div><\/div><\/div><\/div><\/div><\/div><\/div><\/div><\/div><div class=\"row wpb_row row-fluid\"><div class=\"wpb_column col-md-12\"><div class=\"vc_column-inner\"><div class=\"wpb_wrapper\"><section class=\"section padding-top-off\"><div class=\"container\"><div class=\"row\"><div class=\"col-xs-12\"><div class=\"section-title type-2 opacity\"><h3>Case of studios of our work<\/h3><h4>We Successfully Convert Great Ideas To Reality<\/h4><\/div><\/div><\/div><\/div><div class=\"container\"><div class=\"row\"><div class=\"col-lg-3 col-sm-3\"><div class=\"row-article opacityRun\"><a href=\"http:\/\/themeforest.net\/user\/klbtheme\/portfolio\" target=\" _blank\" title=\"light ideas\"><div class=\"row-circle\"><i class=\"row-circle-icon fa fa-lightbulb-o\"><\/i><\/div><div class=\"content-text\"><h3 class=\"content-boxes-title\">Light Ideas<\/h3><p>Nam conavallis ipsum vulputate sit vestibulum lobortis enim sed consequat felis.<\/p><\/div><\/a><\/div><\/div><div class=\"col-lg-3 col-sm-3\"><div class=\"row-article opacityRun\"><a href=\"http:\/\/themeforest.net\/user\/klbtheme\/portfolio\" target=\" _blank\" title=\"fresh solutions\"><div class=\"row-circle\"><i class=\"row-circle-icon fa fa-leaf\"><\/i><\/div><div class=\"content-text\"><h3 class=\"content-boxes-title\">Fresh Solutions<\/h3><p>Nam conavallis ipsum vulputate sit vestibulum lobortis enim sed consequat felis.<\/p><\/div><\/a><\/div><\/div><div class=\"col-lg-3 col-sm-3\"><div class=\"row-article opacityRun\"><a href=\"http:\/\/themeforest.net\/user\/klbtheme\/portfolio\" target=\" _blank\" title=\"hight quality\"><div class=\"row-circle\"><i class=\"row-circle-icon fa fa-thumbs-up\"><\/i><\/div><div class=\"content-text\"><h3 class=\"content-boxes-title\">High Quality<\/h3><p>Nam conavallis ipsum vulputate sit vestibulum lobortis enim sed consequat felis.<\/p><\/div><\/a><\/div><\/div><div class=\"col-lg-3 col-sm-3\"><div class=\"row-article opacityRun\"><a href=\"http:\/\/themeforest.net\/user\/klbtheme\/portfolio\" target=\" _blank\" title=\"great support\"><div class=\"row-circle\"><i class=\"row-circle-icon fa fa-wrench\"><\/i><\/div><div class=\"content-text\"><h3 class=\"content-boxes-title\">Great Support<\/h3><p>Nam conavallis ipsum vulputate sit vestibulum lobortis enim sed consequat felis.<\/p><\/div><\/a><\/div><\/div><\/div><\/div><\/section><\/div><\/div><\/div><\/div><div class=\"row wpb_row row-fluid\"><div class=\"wpb_column col-md-12\"><div class=\"vc_column-inner\"><div class=\"wpb_wrapper\"><section id=\"folio\" class=\"page full-width\">\r\n               <section class=\"section-2 grey-container padding-bottom-off\">\r\n                  <div class=\"container\"><div class=\"row\"><div class=\"col-xs-12\"><div class=\"section-title type-2 opacity\"><h3>LATEST PROJECTS<\/h3><h4><\/h4><\/div><\/div><\/div><\/div>\r\n               <section id=\"portfolio-items\" class=\"portfolio-items col-4\" ><\/section><div class=\"portfolio-paging\"><\/div>\r\n               <\/section>\r\n             <\/section><\/div><\/div><\/div><\/div><div class=\"row wpb_row row-fluid container vc_custom_1448511523001\"><div class=\"wpb_column col-md-6\"><div class=\"vc_column-inner\"><div class=\"wpb_wrapper\"><div class=\"opacity\"><h3 class=\"side-gallery-title\">FULLY RESPONSIVE &amp; MOBILE READY<\/h3><p>Nam convallis ipsum. Maecenas a vulputate ipsum, vestibulum lobortis enim. Sed consequat felis. Proin amet sollicitudin neque, rhoncus nisl. Aliquam malesuada elementum risus, sit amet dictum erat tempor nec. Suspendisse massa, pellentesque. Aliquam ullamcorper orci. Phasellus pharetra.<\/p><a class=\"button default middle\" href=\"http:\/\/themeforest.net\/user\/klbtheme\/portfolio\" target=\" _blank\" title=\"Learn More\">Learn More<\/a><\/div><\/div><\/div><\/div><div class=\"wpb_column col-md-6\"><div class=\"vc_column-inner\"><div class=\"wpb_wrapper\">\r\n\t<div class=\"wpb_single_image wpb_content_element vc_align_left\">\r\n\t\t\r\n\t\t<figure class=\"wpb_wrapper vc_figure\">\r\n\t\t\t<div class=\"vc_single_image-wrapper   vc_box_border_grey\"><img loading=\"lazy\" decoding=\"async\" width=\"428\" height=\"345\" src=\"https:\/\/salsabil-arabia.com\/wp-content\/uploads\/2015\/11\/mac.png\" class=\"vc_single_image-img attachment-full\" alt=\"\" srcset=\"https:\/\/salsabil-arabia.com\/wp-content\/uploads\/2015\/11\/mac.png 428w, https:\/\/salsabil-arabia.com\/wp-content\/uploads\/2015\/11\/mac-300x242.png 300w\" sizes=\"(max-width: 428px) 100vw, 428px\" \/><\/div>\r\n\t\t<\/figure>\r\n\t<\/div>\r\n<\/div><\/div><\/div><\/div><div class=\"row wpb_row row-fluid\"><div class=\"wpb_column col-md-12\"><div class=\"vc_column-inner\"><div class=\"wpb_wrapper\"> <section class=\"section parallax bg-grey parallax-bg-1\">\r\n\t            <div class=\"full-bg-image\" style=\"background-image:url(https:\/\/salsabil-arabia.com\/wp-content\/uploads\/2015\/11\/full-bg-image.jpg);\"><\/div><div class=\"overlay-paralax\"><\/div>\r\n                <div class=\"container\">\r\n                 \t<div class=\"row\">\r\n                        <div class=\"col-xs-12\">\r\n                            <div class=\"section-title\" >\r\n                               <h3>FROM THE BLOG<\/h3>\r\n                                <h4>be always on the wave of latest news and updates<\/h4>\r\n                            <\/div>\t\t\t\t\t\t\t\r\n                        <\/div>\r\n                    <\/div>\r\n\t\t\t\t\t<div class=\"row\"><div class=\"carousel\"><div id=\"owl-slider\" class=\"owl-slider\"><\/div><\/div><\/div><\/div><\/section><\/div><\/div><\/div><\/div><div class=\"row wpb_row row-fluid\"><div class=\"wpb_column col-md-12\"><div class=\"vc_column-inner\"><div class=\"wpb_wrapper\"><section class=\"section quotes-container\"><div class=\"container\"><div class=\"row\"><div class=\"col-xs-12\"><blockquote class=\"quote-text opacity\"><p>Lorem ipsum dolor sit consectetur adipiscing elit. Pellentesque ut lacus at velit consequat sodales. Ut posuere neque in molestie gravida eu feugiat neque, elementum posuere purus.<\/p><\/blockquote><div class=\"quote-author opacity\"><span>JACK BLACK, ARCHITECT<\/span><\/div><\/div><\/div><\/div><\/section><\/div><\/div><\/div><\/div><div class=\"row wpb_row row-fluid\"><div class=\"wpb_column col-md-12\"><div class=\"vc_column-inner\"><div class=\"wpb_wrapper\"><div class=\"entry-footer parallax bg-grey parallax-bg-2\"><div class=\"full-bg-image\" style=\"background-image:url(https:\/\/salsabil-arabia.com\/wp-content\/uploads\/2015\/11\/about-image-1.jpg);\"><\/div><div class=\"overlay-paralax\"><\/div><div class=\"container\"><div class=\"row\"><div class=\"col-xs-12\"><div class=\"section-title type-3\"><h3>SOME FUN FACTS<\/h3><h4><\/h4><\/div><\/div><\/div><div class=\"row\"><div class=\"col-xs-12\"><div class=\"counter-box\"><div data-from=\"0\" data-to=\"256\" data-speed=\"1300\" class=\"counter\"><span class=\"count\">0<\/span><h4 class=\"details\">SATISFIED CUSTOMERS<\/h4><\/div><div data-from=\"0\" data-to=\"478\" data-speed=\"1300\" class=\"counter\"><span class=\"count\">0<\/span><h4 class=\"details\">REGISTERED USERS<\/h4><\/div><div data-from=\"0\" data-to=\"28\" data-speed=\"1300\" class=\"counter\"><span class=\"count\">0<\/span><h4 class=\"details\">RELEASED PROJECTS<\/h4><\/div><div data-from=\"0\" data-to=\"759\" data-speed=\"1300\" class=\"counter\"><span class=\"count\">0<\/span><h4 class=\"details\">HOURS OF SUPPORT<\/h4><\/div><\/div><\/div><\/div><\/div><\/div><\/div><\/div><\/div><\/div><div class=\"row wpb_row row-fluid\"><div class=\"wpb_column col-md-12\"><div class=\"vc_column-inner\"><div class=\"wpb_wrapper\"><section class=\"section\"><div class=\"container\"><div class=\"row\"><div class=\"col-xs-12\"><div class=\"section-title opacity\"><h3>ABOUT OUR AGENCY<\/h3><h4>the list of things we can offer<\/h4><\/div><\/div><\/div><div class=\"row\"><div class=\"col-md-6\"><div class=\"ca-shortcode opacity\"><i class=\"ca-icon fa fa-paper-plane\"><\/i><div class=\"ca-content\"><h4 class=\"ca-title\">Demo Content Uploading<\/h4><p>Nam convallis ipsum. Maecenas a vulputate ipsum, vestibulum neque, a rhoncus nisl. Aliquam malesuada elementum risus, sit amet dictum erat tempor nec.<\/p><\/div><\/div><\/div><div class=\"col-md-6\"><div class=\"ca-shortcode opacity\"><i class=\"ca-icon fa fa-gift\"><\/i><div class=\"ca-content\"><h4 class=\"ca-title\">Premium Sliders<\/h4><p>Nam convallis ipsum. Maecenas a vulputate ipsum, vestibulum neque, a rhoncus nisl. Aliquam malesuada elementum risus, sit amet dictum erat tempor nec.<\/p><\/div><\/div><\/div><div class=\"col-md-6\"><div class=\"ca-shortcode opacity\"><i class=\"ca-icon fa fa-cog\"><\/i><div class=\"ca-content\"><h4 class=\"ca-title\">Layout Constructor<\/h4><p>Nam convallis ipsum. Maecenas a vulputate ipsum, vestibulum neque, a rhoncus nisl. Aliquam malesuada elementum risus, sit amet dictum erat tempor nec.<\/p><\/div><\/div><\/div><div class=\"col-md-6\"><div class=\"ca-shortcode opacity\"><i class=\"ca-icon fa fa-comment\"><\/i><div class=\"ca-content\"><h4 class=\"ca-title\">Free Updates &amp; Support<\/h4><p>Nam convallis ipsum. Maecenas a vulputate ipsum, vestibulum neque, a rhoncus nisl. Aliquam malesuada elementum risus, sit amet dictum erat tempor nec.<\/p><\/div><\/div><\/div><div class=\"col-md-6\"><div class=\"ca-shortcode opacity\"><i class=\"ca-icon fa fa-eye\"><\/i><div class=\"ca-content\"><h4 class=\"ca-title\">Visual Shortcodes<\/h4><p>Nam convallis ipsum. Maecenas a vulputate ipsum, vestibulum neque, a rhoncus nisl. Aliquam malesuada elementum risus, sit amet dictum erat tempor nec.<\/p><\/div><\/div><\/div><div class=\"col-md-6\"><div class=\"ca-shortcode opacity\"><i class=\"ca-icon fa fa-bars\"><\/i><div class=\"ca-content\"><h4 class=\"ca-title\">5 Header Layouts<\/h4><p>Nam convallis ipsum. Maecenas a vulputate ipsum, vestibulum neque, a rhoncus nisl. Aliquam malesuada elementum risus, sit amet dictum erat tempor nec.<\/p><\/div><\/div><\/div><\/div><\/div><\/section><\/div><\/div><\/div><\/div>","protected":false},"excerpt":{"rendered":"Mira, el tema es simple: si jugas desde Chile y apuntai alto, las reglas no son las mismas que para un jugador casual en otro pa\u00eds. Soy Nicol\u00e1s Castro, llevo a\u00f1os siguiendo sesiones de Crash como Aviator y JetX, probando mesas en vivo en Vi\u00f1a y moviendo plata por Webpay y CuentaRUT; en este texto<div class=\"bottom-meta\">\r\n  <a href=\"https:\/\/salsabil-arabia.com\/ar\/estrategias-secretas-para-jugar-con-cabeza-en-chile-guia-para-high-rollers-chilenos\/\"><span class=\"text-more\">Read More<\/span><\/a><a href=\"#\" class=\"jm-post-like entry-like\" data-post_id=\"20924\" title=\"Like\"><i class=\"fa fa-heart-o icon-unlike\"><\/i><\/a><\/div>","protected":false},"author":1,"featured_media":0,"parent":0,"menu_order":0,"comment_status":"closed","ping_status":"closed","template":"frontpage.php","meta":{"cybocfi_hide_featured_image":"","footnotes":""},"class_list":["post-1412","page","type-page","status-publish","hentry","entry opacity"],"_links":{"self":[{"href":"https:\/\/salsabil-arabia.com\/ar\/wp-json\/wp\/v2\/pages\/1412"}],"collection":[{"href":"https:\/\/salsabil-arabia.com\/ar\/wp-json\/wp\/v2\/pages"}],"about":[{"href":"https:\/\/salsabil-arabia.com\/ar\/wp-json\/wp\/v2\/types\/page"}],"author":[{"embeddable":true,"href":"https:\/\/salsabil-arabia.com\/ar\/wp-json\/wp\/v2\/users\/1"}],"replies":[{"embeddable":true,"href":"https:\/\/salsabil-arabia.com\/ar\/wp-json\/wp\/v2\/comments?post=1412"}],"version-history":[{"count":0,"href":"https:\/\/salsabil-arabia.com\/ar\/wp-json\/wp\/v2\/pages\/1412\/revisions"}],"wp:attachment":[{"href":"https:\/\/salsabil-arabia.com\/ar\/wp-json\/wp\/v2\/media?parent=1412"}],"curies":[{"name":"wp","href":"https:\/\/api.w.org\/{rel}","templated":true}]}}