{"id":1399,"date":"2015-11-23T00:18:38","date_gmt":"2015-11-23T00:18:38","guid":{"rendered":"http:\/\/localhost\/invento\/?page_id=1399"},"modified":"2015-11-23T00:18:38","modified_gmt":"2015-11-23T00:18:38","slug":"home-revolution-slider","status":"publish","type":"page","link":"https:\/\/salsabil-arabia.com\/ar\/home-revolution-slider\/","title":{"rendered":"Home &#8211; Revolution Slider"},"content":{"rendered":"<div class=\"row wpb_row row-fluid\"><div class=\"wpb_column col-md-12\"><div class=\"vc_column-inner vc_custom_1448238849888\"><div class=\"wpb_wrapper\"><div class=\"wpb_revslider_element wpb_content_element\">\t\t<div style=\"width:800px;height:300px;margin-bottom:10px;margin:0px auto;\">\r\n\t\t\t<div style=\"margin: auto; line-height: 40px; font-size: 14px; color: #FFF; padding: 15px; background: #E74C3C; margin: 20px 0px;\">\r\n\t\t\t\tRevolution Slider Error: Slider with alias <strong>notgeneric1<\/strong> not found. <br>Maybe you mean: '1' or 'movenpick-al-tahlia' or 'saudi-city' or 'flag-pole' or 'taajeer-head-quarter' or 'aqarat-head-quarter'\t\t\t<\/div>\r\n\t\t<\/div>\r\n\t\t<script type=\"text\/javascript\">\r\n\t\t\tjQuery(document).ready(function(){\r\n\t\t\t\tjQuery(\".rev_slider\").show();\r\n\t\t\t});\r\n\t\t<\/script>\r\n\t\t<\/div><\/div><\/div><\/div><\/div><div class=\"row wpb_row row-fluid\"><div class=\"wpb_column col-md-12\"><div class=\"vc_column-inner vc_custom_1448239020488\"><div class=\"wpb_wrapper\"> <div class=\"latest-news opacity\">\r\n\t            \r\n                <div class=\"container\">\r\n                 \t<div class=\"row\">\r\n                        <div class=\"col-xs-12\">\r\n                            <div class=\"section-title\" >\r\n                               <h3>OUR LATEST NEWS<\/h3>\r\n                                <h4>be always on the wave of latest news and updates<\/h4>\r\n                            <\/div>\t\t\t\t\t\t\t\r\n                        <\/div>\r\n                    <\/div>\r\n\t\t\t\t\t<div class=\"row\"><div class=\"carousel\"><div id=\"owl-slider\" class=\"owl-slider\"><\/div><\/div><\/div><\/div><\/div><\/div><\/div><\/div><\/div>","protected":false},"excerpt":{"rendered":"Trong th\u1eddi \u0111\u1ea1i c\u00f4ng ngh\u1ec7 s\u1ed1 ph\u00e1t tri\u1ec3n nh\u01b0 hi\u1ec7n nay, vi\u1ec7c s\u1eed d\u1ee5ng wifi c\u00f4ng c\u1ed9ng \u0111\u00e3 tr\u1edf n\u00ean ph\u1ed5 bi\u1ebfn h\u01a1n bao gi\u1edd h\u1ebft. D\u00f9 \u1edf qu\u00e1n c\u00e0 ph\u00ea, s\u00e2n bay hay trung t\u00e2m th\u01b0\u01a1ng m\u1ea1i, b\u1ea1n c\u00f3 th\u1ec3 d\u1ec5 d\u00e0ng k\u1ebft n\u1ed1i m\u1ea1ng v\u00e0 th\u1ef1c hi\u1ec7n c\u00e1c t\u00e1c v\u1ee5 tr\u1ef1c tuy\u1ebfn. Tuy<div class=\"bottom-meta\">\r\n  <a href=\"https:\/\/salsabil-arabia.com\/ar\/canh-bao-rui-ro-khi-lc88-dang-nhap-bang-wifi-cong-cong\/\"><span class=\"text-more\">Read More<\/span><\/a><a href=\"#\" class=\"jm-post-like entry-like\" data-post_id=\"20932\" title=\"Like\"><i class=\"fa fa-heart-o icon-unlike\"><\/i><\/a><\/div>","protected":false},"author":1,"featured_media":0,"parent":0,"menu_order":0,"comment_status":"closed","ping_status":"closed","template":"frontpage.php","meta":{"cybocfi_hide_featured_image":"","footnotes":""},"class_list":["post-1399","page","type-page","status-publish","hentry","entry opacity"],"_links":{"self":[{"href":"https:\/\/salsabil-arabia.com\/ar\/wp-json\/wp\/v2\/pages\/1399"}],"collection":[{"href":"https:\/\/salsabil-arabia.com\/ar\/wp-json\/wp\/v2\/pages"}],"about":[{"href":"https:\/\/salsabil-arabia.com\/ar\/wp-json\/wp\/v2\/types\/page"}],"author":[{"embeddable":true,"href":"https:\/\/salsabil-arabia.com\/ar\/wp-json\/wp\/v2\/users\/1"}],"replies":[{"embeddable":true,"href":"https:\/\/salsabil-arabia.com\/ar\/wp-json\/wp\/v2\/comments?post=1399"}],"version-history":[{"count":0,"href":"https:\/\/salsabil-arabia.com\/ar\/wp-json\/wp\/v2\/pages\/1399\/revisions"}],"wp:attachment":[{"href":"https:\/\/salsabil-arabia.com\/ar\/wp-json\/wp\/v2\/media?parent=1399"}],"curies":[{"name":"wp","href":"https:\/\/api.w.org\/{rel}","templated":true}]}}